{"id":1267,"date":"2024-03-04T15:45:19","date_gmt":"2024-03-04T14:45:19","guid":{"rendered":"https:\/\/www.campingvicenza.it\/?page_id=1267"},"modified":"2024-03-04T15:52:16","modified_gmt":"2024-03-04T14:52:16","slug":"privacy-policy","status":"publish","type":"page","link":"https:\/\/www.campingvicenza.it\/de\/privacy-policy\/","title":{"rendered":"Datenschutzbestimmungen"},"content":{"rendered":"<div class=\"wp-block-uagb-advanced-heading uagb-block-36a44770\"><h2 class=\"uagb-heading-text\">Datenschutzbestimmungen<\/h2><\/div>\n\n\n\n<h2>Camping Vicenza&nbsp;<\/h2>\n<h3>RECHTSSITZ:<\/h3>\n<p>Camping Vicenza Sport Srl<br \/>Via Uberto Scarpelli 41 36100 Vicenza<br \/>Steuernummer und MwSt.-Nummer 00866280241<\/p>\n<p align=\"center\">&nbsp;<\/p>\n<p align=\"center\"><strong>INFORMATIONS- UND EINWILLIGUNGSFORMULAR F\u00dcR DIE VERARBEITUNG VON PERSONENBEZOGENEN DATEN<\/strong><\/p>\n<p align=\"center\"><strong><em>INFORMATIONSHINWEIS - Art. 13 der Verordnung (EU) 2016\/679<\/em><\/strong><strong><em> - Artikel 13 des Gesetzesdekrets 196\/03<\/em><\/strong><\/p>\n<p>&nbsp;<\/p>\n<p>Sehr geehrte Herren\/Frauen<\/p>\n<p>Gem\u00e4\u00df der Europ\u00e4ischen Verordnung Nr. 679 von 2016 und dem Gesetzesdekret Nr. 196 von 2003 \u00fcber den Schutz personenbezogener Daten werden Sie hiermit dar\u00fcber informiert, dass die <strong>Verantwortlicher f\u00fcr die Datenverarbeitung<\/strong> der Daten ist Camping Vicenza, Via Uberto Scarpelli, 41, 36100 Vicenza, P.I. und C.F. 00866280241 (im Folgenden \"der f\u00fcr die Verarbeitung Verantwortliche\" genannt).<\/p>\n<p>Die Verarbeitung personenbezogener Daten erfolgt in voller \u00dcbereinstimmung mit der EU-Verordnung 679\/2016 und dem Gesetzesdekret 196\/2003.<\/p>\n<p>Die von Ihnen (nachstehend \"betroffene Person\" genannt) zur Verf\u00fcgung gestellten Daten werden nur zum Zweck der Bearbeitung Ihres Antrags verwendet und d\u00fcrfen nur dann an Dritte weitergegeben werden, wenn dies f\u00fcr diesen Zweck erforderlich ist.<\/p>\n<p>Die von der Website auf der Seite \"Kontakt\" gesammelten Daten werden, vorbehaltlich der ausdr\u00fccklichen Zustimmung der betroffenen Person, ausschlie\u00dflich zur Bearbeitung Ihrer Anfragen verwendet und nicht f\u00fcr andere Zwecke genutzt, auch nicht nach Ihrer Anfrage.<\/p>\n<p>F\u00fcr die Anforderung des Newsletters des Unternehmens, der \u00fcber die von Ihnen angegebene E-Mail-Adresse verwaltet wird, ist die ausdr\u00fcckliche Zustimmung der betroffenen Person erforderlich. Sie k\u00f6nnen sich jederzeit von diesem Dienst abmelden, indem Sie die Anweisungen im Newsletter befolgen.<\/p>\n<p>Die Verarbeitung der Daten erfolgt durch vom f\u00fcr die Verarbeitung Verantwortlichen benanntes Personal unter Anwendung von Verfahren und technischen und informationstechnischen Hilfsmitteln, die geeignet sind, die Vertraulichkeit und Sicherheit der Daten der betroffenen Person zu sch\u00fctzen, und umfasst das Erheben, das Speichern, die Organisation, die Aufbewahrung, das Abfragen, die Verarbeitung, die Ver\u00e4nderung, die Auswahl, den Auszug, den Vergleich, die Verwendung, die Verkn\u00fcpfung, die Sperrung, die \u00dcbermittlung, die Verbreitung, die L\u00f6schung und die Vernichtung der Daten, einschlie\u00dflich der Kombination von zwei oder mehreren der oben genannten T\u00e4tigkeiten.<\/p>\n<p>Die Daten werden so lange aufbewahrt, wie es unbedingt erforderlich ist, um der betroffenen Person die angeforderten Dienstleistungen zu erbringen, und werden in jedem Fall auf Antrag der betroffenen Person gel\u00f6scht, unbeschadet weiterer gesetzlich vorgesehener Aufbewahrungspflichten. Die Daten der betroffenen Person werden nicht weitergegeben.<\/p>\n<p>Der f\u00fcr die Verarbeitung Verantwortliche kann sich im Rahmen seiner T\u00e4tigkeit und zu den oben genannten Zwecken der Dienste Dritter bedienen, die im Namen des f\u00fcr die Verarbeitung Verantwortlichen und nach dessen Anweisungen als Datenverarbeiter t\u00e4tig sind. Dabei handelt es sich um Lieferanten, Gesch\u00e4fts- und Produktionspartner, Vermittler, technische und medizinische Berater und andere \u00e4hnliche Subjekte, die mit unserer Organisation zusammenarbeiten, um die mit Ihnen eingegangenen vertraglichen Verpflichtungen zu erf\u00fcllen; Subjekte, die eine Dienstleistung erbringen, die eng und notwendigerweise mit der T\u00e4tigkeit des Inhabers der Datenverarbeitung zusammenh\u00e4ngt, wie z.B. Steuerberater, Banken, Spediteure, Versicherungsgesellschaften, \u00f6ffentliche und private Einrichtungen, auch im Zusammenhang mit Kontrollen oder Audits; Subjekte, die aufgrund gesetzlicher Bestimmungen Zugriff auf die Daten haben.<\/p>\n<p>Die Daten k\u00f6nnen auch an alle Stellen weitergegeben werden, die gesetzlich zu ihrer Erhebung befugt sind (z. B. Gesundheitsdienste der Provinzen, Finanzverwaltung usw.).<\/p>\n<p>Die betroffene Person kann eine vollst\u00e4ndige und aktualisierte Liste der als Datenverarbeiter benannten Personen anfordern, indem sie sich an die unten angegebene Kontaktperson wendet.<\/p>\n<p>Die Daten k\u00f6nnen innerhalb der Europ\u00e4ischen Union \u00fcbermittelt werden, wo der f\u00fcr die Verarbeitung Verantwortliche oder seine Lieferanten und Mitarbeiter ihren Sitz haben oder ihre eigenen Server betreiben. Die Daten werden nicht in L\u00e4nder au\u00dferhalb der Europ\u00e4ischen Union \u00fcbertragen.<\/p>\n<p>&nbsp;<\/p>\n<p><strong>RECHTE DER BETROFFENEN PERSON<\/strong>:<\/p>\n<ul>\n<li>Recht auf Auskunft (Art. 15 DSGVO). Das Recht der betroffenen Person, Auskunft \u00fcber ihre Daten zu erhalten und sich bei der Aufsichtsbeh\u00f6rde zu beschweren;<\/li>\n<li>Recht auf Berichtigung (Art. 16 GDPR). Recht der betroffenen Person, von dem f\u00fcr die Verarbeitung Verantwortlichen die Berichtigung sie betreffender unzutreffender personenbezogener Daten zu verlangen;<\/li>\n<li>Recht auf L\u00f6schung (Recht auf Vergessenwerden) (Art. 17 GDPR). Die betroffene Person hat das Recht, von dem f\u00fcr die Verarbeitung Verantwortlichen die unverz\u00fcgliche L\u00f6schung der sie betreffenden personenbezogenen Daten zu verlangen;<\/li>\n<li>&nbsp;Recht auf Einschr\u00e4nkung der Verarbeitung (Art. 18 GDPR). Recht der betroffenen Person, eine Einschr\u00e4nkung der Datenverarbeitung zu erwirken;<\/li>\n<li>Meldepflicht (Art. 19 GDPR). Der f\u00fcr die Verarbeitung Verantwortliche unterrichtet alle Empf\u00e4nger, denen personenbezogene Daten \u00fcbermittelt wurden, \u00fcber die Berichtigung, L\u00f6schung oder Einschr\u00e4nkung der Verarbeitung gem\u00e4\u00df den Artikeln 16, 17 und 18;<\/li>\n<li>Recht auf Daten\u00fcbertragbarkeit (Art. 20 GDPR). Die betroffene Person hat das Recht, die sie betreffenden personenbezogenen Daten, die dem f\u00fcr die Verarbeitung Verantwortlichen zur Verf\u00fcgung gestellt wurden, zu erhalten und hat das Recht, diese Daten ohne Behinderung durch den f\u00fcr die Verarbeitung Verantwortlichen an einen anderen f\u00fcr die Verarbeitung Verantwortlichen zu \u00fcbermitteln;<\/li>\n<li>Widerspruchsrecht (Art. 21 GDPR). Recht der betroffenen Person auf Widerspruch gegen die Verarbeitung ihrer personenbezogenen Daten;<\/li>\n<li>Profiling (Art. 22 GDPR). Die betroffene Person hat das Recht, nicht einer ausschlie\u00dflich auf einer automatisierten Verarbeitung beruhenden Entscheidung unterworfen zu werden, die ein Profiling beinhaltet oder ihre Person erheblich beeintr\u00e4chtigt.<\/li>\n<\/ul>\n<p>&nbsp;<\/p>\n<p>Die Kontaktdaten des f\u00fcr die Datenverarbeitung Verantwortlichen lauten wie folgt: Camping Vicenza Sport Srl, Via Uberto Scarpelli, 41. 36100 Vicenza, E-Mail info@campingvicenza.it<\/p>","protected":false},"excerpt":{"rendered":"<p>Privacy Policy Camping Vicenza&nbsp; SEDE LEGALE: Camping Vicenza Sport SrlVia Uberto Scarpelli 41 36100 VicenzaC.F. e P. IVA 00866280241 &nbsp; MODULO DI INFORMATIVA E CONSENSO AL TRATTAMENTO DEI DATI PERSONALI INFORMATIVA&nbsp; &#8211; Art. 13 del Regolamento UE 2016\/679 &ndash; Art. 13 del D.Lgs. 196\/03 &nbsp; Egr. Sig.\/Gent.ma Sig.ra, in applicazione del Regolamento Europeo n. 679 [&hellip;]<\/p>\n","protected":false},"author":1,"featured_media":0,"parent":0,"menu_order":0,"comment_status":"closed","ping_status":"closed","template":"","meta":{"_uag_custom_page_level_css":"","site-sidebar-layout":"default","site-content-layout":"","ast-site-content-layout":"default","site-content-style":"default","site-sidebar-style":"default","ast-global-header-display":"","ast-banner-title-visibility":"","ast-main-header-display":"","ast-hfb-above-header-display":"","ast-hfb-below-header-display":"","ast-hfb-mobile-header-display":"","site-post-title":"disabled","ast-breadcrumbs-content":"","ast-featured-img":"","footer-sml-layout":"","theme-transparent-header-meta":"","adv-header-id-meta":"","stick-header-meta":"","header-above-stick-meta":"","header-main-stick-meta":"","header-below-stick-meta":"","astra-migrate-meta-layouts":"set","ast-page-background-enabled":"default","ast-page-background-meta":{"desktop":{"background-color":"var(--ast-global-color-4)","background-image":"","background-repeat":"repeat","background-position":"center center","background-size":"auto","background-attachment":"scroll","background-type":"","background-media":"","overlay-type":"","overlay-color":"","overlay-gradient":""},"tablet":{"background-color":"","background-image":"","background-repeat":"repeat","background-position":"center center","background-size":"auto","background-attachment":"scroll","background-type":"","background-media":"","overlay-type":"","overlay-color":"","overlay-gradient":""},"mobile":{"background-color":"","background-image":"","background-repeat":"repeat","background-position":"center center","background-size":"auto","background-attachment":"scroll","background-type":"","background-media":"","overlay-type":"","overlay-color":"","overlay-gradient":""}},"ast-content-background-meta":{"desktop":{"background-color":"var(--ast-global-color-5)","background-image":"","background-repeat":"repeat","background-position":"center center","background-size":"auto","background-attachment":"scroll","background-type":"","background-media":"","overlay-type":"","overlay-color":"","overlay-gradient":""},"tablet":{"background-color":"var(--ast-global-color-5)","background-image":"","background-repeat":"repeat","background-position":"center center","background-size":"auto","background-attachment":"scroll","background-type":"","background-media":"","overlay-type":"","overlay-color":"","overlay-gradient":""},"mobile":{"background-color":"var(--ast-global-color-5)","background-image":"","background-repeat":"repeat","background-position":"center center","background-size":"auto","background-attachment":"scroll","background-type":"","background-media":"","overlay-type":"","overlay-color":"","overlay-gradient":""}},"footnotes":""},"class_list":["post-1267","page","type-page","status-publish","hentry"],"uagb_featured_image_src":{"full":false,"thumbnail":false,"medium":false,"medium_large":false,"large":false,"1536x1536":false,"2048x2048":false,"trp-custom-language-flag":false},"uagb_author_info":{"display_name":"ix_admin","author_link":"https:\/\/www.campingvicenza.it\/de\/author\/ix_admin\/"},"uagb_comment_info":0,"uagb_excerpt":"Privacy Policy Camping Vicenza&nbsp; SEDE LEGALE: Camping Vicenza Sport SrlVia Uberto Scarpelli 41 36100 VicenzaC.F. e P. IVA 00866280241 &nbsp; MODULO DI INFORMATIVA E CONSENSO AL TRATTAMENTO DEI DATI PERSONALI INFORMATIVA&nbsp; &#8211; Art. 13 del Regolamento UE 2016\/679 &ndash; Art. 13 del D.Lgs. 196\/03 &nbsp; Egr. Sig.\/Gent.ma Sig.ra, in applicazione del Regolamento Europeo n. 679&hellip;","_links":{"self":[{"href":"https:\/\/www.campingvicenza.it\/de\/wp-json\/wp\/v2\/pages\/1267","targetHints":{"allow":["GET"]}}],"collection":[{"href":"https:\/\/www.campingvicenza.it\/de\/wp-json\/wp\/v2\/pages"}],"about":[{"href":"https:\/\/www.campingvicenza.it\/de\/wp-json\/wp\/v2\/types\/page"}],"author":[{"embeddable":true,"href":"https:\/\/www.campingvicenza.it\/de\/wp-json\/wp\/v2\/users\/1"}],"replies":[{"embeddable":true,"href":"https:\/\/www.campingvicenza.it\/de\/wp-json\/wp\/v2\/comments?post=1267"}],"version-history":[{"count":4,"href":"https:\/\/www.campingvicenza.it\/de\/wp-json\/wp\/v2\/pages\/1267\/revisions"}],"predecessor-version":[{"id":1272,"href":"https:\/\/www.campingvicenza.it\/de\/wp-json\/wp\/v2\/pages\/1267\/revisions\/1272"}],"wp:attachment":[{"href":"https:\/\/www.campingvicenza.it\/de\/wp-json\/wp\/v2\/media?parent=1267"}],"curies":[{"name":"wp","href":"https:\/\/api.w.org\/{rel}","templated":true}]}}