{"id":78,"date":"2022-10-17T07:03:13","date_gmt":"2022-10-17T07:03:13","guid":{"rendered":"https:\/\/www.campingvicenza.it\/home-2\/"},"modified":"2026-03-27T19:47:22","modified_gmt":"2026-03-27T18:47:22","slug":"home-2","status":"publish","type":"page","link":"https:\/\/www.campingvicenza.it\/de\/home-2\/","title":{"rendered":"Startseite"},"content":{"rendered":"<div class=\"wp-block-uagb-container uagb-block-c13e75bf alignfull uagb-is-root-container\">\n<div class=\"wp-block-uagb-slider uagb-block-2a122ded uagb-slider-container\"><div class=\"uagb-slides uagb-swiper\"><div class=\"swiper-wrapper\">\n<div class=\"wp-block-uagb-slider-child uagb-slider-child-wrap swiper-slide uagb-block-8c77d168\"><div class=\"swiper-content\">\n<div class=\"wp-block-uagb-container uagb-block-de012985\">\n<h2 class=\"wp-block-heading has-text-align-center has-ast-global-color-5-color has-text-color has-link-color has-x-large-font-size wp-elements-d1068d92faaa5e53be5892fb96bbfe07\">Willkommen<\/h2>\n\n\n\n<p><\/p>\n\n\n\n<div class=\"wp-block-uagb-buttons uagb-buttons__outer-wrap uagb-btn__default-btn uagb-btn-tablet__default-btn uagb-btn-mobile__default-btn uagb-block-87545b31\"><div class=\"uagb-buttons__wrap uagb-buttons-layout-wrap\">\n<div class=\"wp-block-uagb-buttons-child uagb-buttons__outer-wrap uagb-block-3745f551 wp-block-button\"><div class=\"uagb-button__wrapper\"><a class=\"uagb-buttons-repeater wp-block-button__link\" aria-label=\"\" href=\"#\" rel=\"follow noopener\" target=\"_self\" role=\"button\"><div class=\"uagb-button__link\">Kontakt<\/div><\/a><\/div><\/div>\n<\/div><\/div>\n<\/div>\n<\/div><\/div>\n\n\n\n<div class=\"wp-block-uagb-slider-child uagb-slider-child-wrap swiper-slide uagb-block-e4caa816\"><div class=\"swiper-content\">\n<div class=\"wp-block-uagb-container uagb-block-0daabeba\">\n<div class=\"wp-block-uagb-info-box uagb-block-5ffe2682 uagb-infobox__content-wrap  uagb-infobox-icon-above-title uagb-infobox-image-valign-top\"><div class=\"uagb-ifb-content\"><div class=\"uagb-ifb-title-wrap\"><h3 class=\"uagb-ifb-title\">Dia 2<\/h3><\/div><p class=\"uagb-ifb-desc\">Klicken Sie hier, um diesen Text zu \u00e4ndern. Lorem ipsum dolor sit amet, consectetur adipiscing elit. Ut elit tellus, luctus nec ullamcorper mattis, pulvinar dapibus leo.<\/p><div class=\"uagb-ifb-button-wrapper wp-block-button\"><a href=\"#\" class=\"uagb-infobox-cta-link wp-block-button__link\" target=\"_self\" rel=\"noopener noreferrer\" onclick=\"return false;\"><span class=\"uagb-inline-editing\">Mehr lesen<\/span><\/a><\/div><\/div><\/div>\n<\/div>\n<\/div><\/div>\n\n\n\n<div class=\"wp-block-uagb-slider-child uagb-slider-child-wrap swiper-slide uagb-block-ae963222\"><div class=\"swiper-content\">\n<div class=\"wp-block-uagb-container uagb-block-89d18135\">\n<div class=\"wp-block-uagb-info-box uagb-block-f91d52f5 uagb-infobox__content-wrap  uagb-infobox-icon-above-title uagb-infobox-image-valign-top\"><div class=\"uagb-ifb-content\"><div class=\"uagb-ifb-title-wrap\"><h3 class=\"uagb-ifb-title\">Dia 3<\/h3><\/div><p class=\"uagb-ifb-desc\">Klicken Sie hier, um diesen Text zu \u00e4ndern. Lorem ipsum dolor sit amet, consectetur adipiscing elit. Ut elit tellus, luctus nec ullamcorper mattis, pulvinar dapibus leo.<\/p><div class=\"uagb-ifb-button-wrapper wp-block-button\"><a href=\"#\" class=\"uagb-infobox-cta-link wp-block-button__link\" target=\"_self\" rel=\"noopener noreferrer\" onclick=\"return false;\"><span class=\"uagb-inline-editing\">Mehr lesen<\/span><\/a><\/div><\/div><\/div>\n<\/div>\n<\/div><\/div>\n<\/div><\/div><div class=\"swiper-pagination\"><\/div><div class=\"swiper-button-prev\"><\/div><div class=\"swiper-button-next\"><\/div><\/div>\n<\/div>\n\n\n\n<p class=\"has-text-align-center has-medium-font-size uag-hide-tab uag-hide-mob\" style=\"padding-top:var(--wp--preset--spacing--70);padding-right:0;padding-bottom:var(--wp--preset--spacing--70)\"><strong>\u00d6ffnungszeiten des Campingplatzes<\/strong>: 07:00 - 22:00\u00a0\u00a0\u00a0 <strong>Einchecken von<\/strong>15:00 bis 21:30 <strong>Kasse<\/strong> um 12 Uhr mittags<\/p>\n\n\n\n<p><\/p>\n\n\n\n<p class=\"has-text-align-center has-medium-font-size uag-hide-desktop\" style=\"padding-top:var(--wp--preset--spacing--60);padding-right:var(--wp--preset--spacing--20);padding-bottom:var(--wp--preset--spacing--60);padding-left:var(--wp--preset--spacing--20)\"><strong>\u00d6ffnungszeiten des Campingplatzes<\/strong>: 07:00 - 22:00\u00a0\u00a0 <strong>Einchecken von<\/strong>15:00 bis 21:30 <strong>Kasse<\/strong> um 12 Uhr mittags<\/p>\n\n\n\n<p><\/p>\n\n\n\n<div class=\"wp-block-uagb-container uagb-block-fb07b822 alignfull uagb-is-root-container\"><div class=\"uagb-container-inner-blocks-wrap\">\n<div class=\"wp-block-uagb-container uagb-block-d852dcf2\">\n<div class=\"wp-block-columns is-layout-flex wp-container-core-columns-is-layout-28f84493 wp-block-columns-is-layout-flex\">\n<div class=\"wp-block-column is-layout-flow wp-block-column-is-layout-flow\" style=\"flex-basis:33.33%\">\n<div class=\"wp-block-uagb-image uagb-block-6097fedf wp-block-uagb-image--layout-default wp-block-uagb-image--effect-static wp-block-uagb-image--align-none\"><figure class=\"wp-block-uagb-image__figure\"><img decoding=\"async\" srcset=\"https:\/\/www.campingvicenza.it\/wp-content\/uploads\/2024\/02\/camping-vicenza-1-1-1024x682.jpg ,https:\/\/www.campingvicenza.it\/wp-content\/uploads\/2024\/02\/camping-vicenza-1-1.jpg 780w, https:\/\/www.campingvicenza.it\/wp-content\/uploads\/2024\/02\/camping-vicenza-1-1.jpg 360w\" sizes=\"auto, (max-width: 480px) 150px\" src=\"https:\/\/www.campingvicenza.it\/wp-content\/uploads\/2024\/02\/camping-vicenza-1-1-1024x682.jpg\" alt=\"\" class=\"uag-image-874\" width=\"1024\" height=\"682\" title=\"\" loading=\"lazy\" role=\"img\"\/><\/figure><\/div>\n<\/div>\n\n\n\n<div class=\"wp-block-column is-layout-flow wp-block-column-is-layout-flow\" style=\"flex-basis:66.66%\">\n<p class=\"has-text-align-left\" style=\"padding-right:var(--wp--preset--spacing--40);padding-left:var(--wp--preset--spacing--40)\">Der Campingplatz Vicenza liegt an der Autobahnausfahrt Vicenza-Est, inmitten einer gr\u00fcnen Oase. Der Campingplatz befindet sich in der N\u00e4he des historischen Stadtzentrums von Vicenza, etwa 7 km. Dies ist ein strategischer Standort, um wichtige touristische Ziele wie Verona (km 50), Padua (km 25) und Venedig (km 45) zu erreichen. Der Campingplatz verf\u00fcgt \u00fcber 62 gut abgegrenzte, grasbewachsene Stellpl\u00e4tze, die alle mit einem Stromanschluss (6 Ampere) ausgestattet sind. Es gibt Toiletten, Duschen mit warmem und kaltem Wasser, Abwaschm\u00f6glichkeiten f\u00fcr W\u00e4sche und Geschirr, Waschmaschine, Service f\u00fcr Behinderte, Camper-Service, Haustiere erlaubt.&nbsp;<strong>das POOL und SPA sind kostenpflichtig<\/strong>&nbsp;. Der Campingplatz Vicenza befindet sich an der Autobahnausfahrt Vicenza-Est, inmitten einer gr\u00fcnen Oase. Der Campingplatz liegt in der N\u00e4he des historischen Zentrums der Stadt Vicenza, etwa 7 km. Dies ist eine strategische Lage, um wichtige touristische Ziele wie Verona (km. 50), Padua (km. 25) und Venedig (km. 45) zu erreichen. Der Campingplatz verf\u00fcgt \u00fcber 62 Stellpl\u00e4tze, die alle gut abgegrenzt und mit einem Stromanschluss (6 Ampere) ausgestattet sind und auf einer Wiese liegen. Es gibt Toiletten, Duschen mit warmem und kaltem Wasser, Sp\u00fclbecken f\u00fcr W\u00e4sche und Geschirr, Waschmaschine, Service f\u00fcr Behinderte, Camper-Service, Haustiere erlaubt.&nbsp;<strong>der SCHWIMMBECKEN und das SPA sind geb\u00fchrenpflichtig<\/strong><\/p>\n<\/div>\n<\/div>\n<\/div>\n<\/div><\/div>\n\n\n\n<h2 class=\"wp-block-heading has-text-align-center\" style=\"padding-top:var(--wp--preset--spacing--70);padding-bottom:var(--wp--preset--spacing--60)\">CAMPINGPLATZ VICENZA <\/h2>\n\n\n\n<div class=\"wp-block-uagb-container uagb-block-b95dd1b4 alignfull uagb-is-root-container\"><div class=\"uagb-container-inner-blocks-wrap\">\n<p><\/p>\n\n\n\n<div class=\"wp-block-uagb-advanced-heading uagb-block-36a44770\"><h2 class=\"uagb-heading-text\">PREISE<\/h2><\/div>\n<\/div><\/div>\n\n\n\n<div class=\"wp-block-uagb-container uagb-block-a90691f4 alignfull uagb-is-root-container\"><div class=\"uagb-container-inner-blocks-wrap\">\n<table id=\"tablepress-1\" class=\"tablepress tablepress-id-1 ix-table\">\n<thead>\n<tr class=\"row-1\">\n\t<td class=\"column-1\"><\/td><th class=\"column-2\">Nebensaison<\/th><th class=\"column-3\">Hochsaison<\/th>\n<\/tr>\n<\/thead>\n<tbody class=\"row-striping row-hover\">\n<tr class=\"row-2\">\n\t<td class=\"column-1\">Check Out 12:00 PM Preisbeispiel: Stellplatz + Person + Kind<\/td><td class=\"column-2\">01\/04\/20256 08\/06\/2026 <br> 25\/08\/2026- 30\/09\/2026<\/td><td class=\"column-3\">09\/06\/2026-24\/08\/2026<\/td>\n<\/tr>\n<tr class=\"row-3\">\n\t<td class=\"column-1\">PITCH (Wohnwagen oder Wohnmobil)<\/td><td class=\"column-2\">\u20ac 18,00<\/td><td class=\"column-3\">\u20ac 20,00<\/td>\n<\/tr>\n<tr class=\"row-4\">\n\t<td class=\"column-1\">PITCH (Zelt + Auto oder Minivan)<\/td><td class=\"column-2\">\u20ac 15,00<\/td><td class=\"column-3\">\u20ac 17,00<\/td>\n<\/tr>\n<tr class=\"row-5\">\n\t<td class=\"column-1\">PITCH (Zelt + Fahrrad oder Motorrad)<\/td><td class=\"column-2\">\u20ac 12,00<\/td><td class=\"column-3\">\u20ac 14,00<\/td>\n<\/tr>\n<tr class=\"row-6\">\n\t<td class=\"column-1\">HALBT\u00c4GLICHER STOPP (max. 6h)<\/td><td class=\"column-2\">\u20ac 30,00<\/td><td class=\"column-3\">\u20ac 35,00<\/td>\n<\/tr>\n<tr class=\"row-7\">\n\t<td class=\"column-1\">TOURIST TAX PER PERSON Kurtaxe f\u00fcr maximal 5 N\u00e4chte, 1 \u20ac pro Person pro Nacht<\/td><td class=\"column-2\">\u20ac 1,00<\/td><td class=\"column-3\">\u20ac 1,00<\/td>\n<\/tr>\n<tr class=\"row-8\">\n\t<td class=\"column-1\">ERWACHSENE<\/td><td class=\"column-2\">\u20ac 9,00<\/td><td class=\"column-3\">\u20ac 10,00<\/td>\n<\/tr>\n<tr class=\"row-9\">\n\t<td class=\"column-1\">Kinder von 4 bis 10 Jahren<\/td><td class=\"column-2\">\u20ac 6,00<\/td><td class=\"column-3\">\u20ac 7,00<\/td>\n<\/tr>\n<tr class=\"row-10\">\n\t<td class=\"column-1\">Kinder von 0 bis 3 Jahre alt<\/td><td class=\"column-2\">Kostenlos<\/td><td class=\"column-3\">Kostenlos<\/td>\n<\/tr>\n<tr class=\"row-11\">\n\t<td class=\"column-1\">Mobilheim f\u00fcr maximal 4 Personen<\/td><td class=\"column-2\">\u20ac 110,00<\/td><td class=\"column-3\">\u20ac 130,00<\/td>\n<\/tr>\n<tr class=\"row-12\">\n\t<td class=\"column-1\">Mobilheim f\u00fcr max. 2 Personen<\/td><td class=\"column-2\">\u20ac 70,00<\/td><td class=\"column-3\">\u20ac 110,00<\/td>\n<\/tr>\n<tr class=\"row-13\">\n\t<td class=\"column-1\">Vermietung von Bettw\u00e4sche und Handt\u00fcchern<\/td><td class=\"column-2\">\u20ac 15,00<\/td><td class=\"column-3\">\u20ac 17,00<\/td>\n<\/tr>\n<tr class=\"row-14\">\n\t<td class=\"column-1\">Endreinigung des Wohnmobils (einschlie\u00dflich der Hunde oder Katzen im Inneren des Wohnmobils)<\/td><td class=\"column-2\">\u20ac 45,00<\/td><td class=\"column-3\">\u20ac 45,00<\/td>\n<\/tr>\n<tr class=\"row-15\">\n\t<td class=\"column-1\"><\/td><td class=\"column-2\"><\/td><td class=\"column-3\"><\/td>\n<\/tr>\n<tr class=\"row-16\">\n\t<td class=\"column-1\">Haustiere, die auf dem Campingplatz \u00fcbernachten.<\/td><td class=\"column-2\">Kostenlos<\/td><td class=\"column-3\">Kostenlos<\/td>\n<\/tr>\n<tr class=\"row-17\">\n\t<td class=\"column-1\">2\u00b0ZELT EXTRA<\/td><td class=\"column-2\">\u20ac 5,00<\/td><td class=\"column-3\">\u20ac 7,00<\/td>\n<\/tr>\n<tr class=\"row-18\">\n\t<td class=\"column-1\">2\u00b0CAR EXTRA<\/td><td class=\"column-2\">\u20ac 6,00<\/td><td class=\"column-3\">\u20ac 8,00<\/td>\n<\/tr>\n<tr class=\"row-19\">\n\t<td class=\"column-1\">2. EXTRA MOTO<\/td><td class=\"column-2\">\u20ac 3,00<\/td><td class=\"column-3\">\u20ac 4,00<\/td>\n<\/tr>\n<\/tbody>\n<tfoot>\n<tr class=\"row-20\">\n\t<th class=\"column-1\">CAMPER SERVICE (kostenloser Service f\u00fcr Campingg\u00e4ste) 7 \u20ac (inkl. MwSt. 22%)<\/th><td class=\"column-2\"><\/td><td class=\"column-3\"><\/td>\n<\/tr>\n<\/tfoot>\n<\/table>\n<!-- #tablepress-1 from cache -->\n\n\n\n<div class=\"wp-block-uagb-separator uagb-block-41ea66a2\"><div class=\"wp-block-uagb-separator__inner\" style=\"--my-background-image:\"><\/div><\/div>\n<\/div><\/div>\n\n\n<div class=\"rl-gallery-container rl-loading\" id=\"rl-gallery-container-1\" data-gallery_id=\"893\"> <div class=\"rl-gallery rl-basicgrid-gallery\" id=\"rl-gallery-1\" data-gallery_no=\"1\"> <div class=\"rl-gallery-item\"><a href=\"https:\/\/www.campingvicenza.it\/wp-content\/uploads\/2024\/02\/camping-vicenza-1-1.jpg\" title=\"\" data-rl_title=\"\" class=\"rl-gallery-link\" data-rl_caption=\"\" data-rel=\"lightbox-gallery-1\"><img loading=\"lazy\" decoding=\"async\" src=\"https:\/\/www.campingvicenza.it\/wp-content\/uploads\/2024\/02\/camping-vicenza-1-1-300x200.jpg\" width=\"300\" height=\"200\" alt=\"\" \/><\/a><\/div><div class=\"rl-gallery-item\"><a href=\"https:\/\/www.campingvicenza.it\/wp-content\/uploads\/2024\/02\/CampViest2015_0005_1100px.jpg\" title=\"\" data-rl_title=\"\" class=\"rl-gallery-link\" data-rl_caption=\"\" data-rel=\"lightbox-gallery-1\"><img loading=\"lazy\" decoding=\"async\" src=\"https:\/\/www.campingvicenza.it\/wp-content\/uploads\/2024\/02\/CampViest2015_0005_1100px-300x200.jpg\" width=\"300\" height=\"200\" alt=\"\" \/><\/a><\/div><div class=\"rl-gallery-item\"><a href=\"https:\/\/www.campingvicenza.it\/wp-content\/uploads\/2024\/02\/CampViest2015_0011-HDR_1100px.jpg\" title=\"\" data-rl_title=\"\" class=\"rl-gallery-link\" data-rl_caption=\"\" data-rel=\"lightbox-gallery-1\"><img loading=\"lazy\" decoding=\"async\" src=\"https:\/\/www.campingvicenza.it\/wp-content\/uploads\/2024\/02\/CampViest2015_0011-HDR_1100px-300x200.jpg\" width=\"300\" height=\"200\" alt=\"\" \/><\/a><\/div><div class=\"rl-gallery-item\"><a href=\"https:\/\/www.campingvicenza.it\/wp-content\/uploads\/2024\/02\/CampViest2015_0019-HDR_1100px.jpg\" title=\"\" data-rl_title=\"\" class=\"rl-gallery-link\" data-rl_caption=\"\" data-rel=\"lightbox-gallery-1\"><img loading=\"lazy\" decoding=\"async\" src=\"https:\/\/www.campingvicenza.it\/wp-content\/uploads\/2024\/02\/CampViest2015_0019-HDR_1100px-300x200.jpg\" width=\"300\" height=\"200\" alt=\"\" \/><\/a><\/div><div class=\"rl-gallery-item\"><a href=\"https:\/\/www.campingvicenza.it\/wp-content\/uploads\/2024\/02\/CampViest2015_0044-HDR-2_1100px.jpg\" title=\"\" data-rl_title=\"\" class=\"rl-gallery-link\" data-rl_caption=\"\" data-rel=\"lightbox-gallery-1\"><img loading=\"lazy\" decoding=\"async\" src=\"https:\/\/www.campingvicenza.it\/wp-content\/uploads\/2024\/02\/CampViest2015_0044-HDR-2_1100px-300x200.jpg\" width=\"300\" height=\"200\" alt=\"\" \/><\/a><\/div><div class=\"rl-gallery-item\"><a href=\"https:\/\/www.campingvicenza.it\/wp-content\/uploads\/2024\/02\/CampViest2015_0107-HDR_1100px.jpg\" title=\"\" data-rl_title=\"\" class=\"rl-gallery-link\" data-rl_caption=\"\" data-rel=\"lightbox-gallery-1\"><img loading=\"lazy\" decoding=\"async\" src=\"https:\/\/www.campingvicenza.it\/wp-content\/uploads\/2024\/02\/CampViest2015_0107-HDR_1100px-300x200.jpg\" width=\"300\" height=\"200\" alt=\"\" \/><\/a><\/div><div class=\"rl-gallery-item\"><a href=\"https:\/\/www.campingvicenza.it\/wp-content\/uploads\/2024\/02\/CampViest2015_0103-HDR_1100px.jpg\" title=\"\" data-rl_title=\"\" class=\"rl-gallery-link\" data-rl_caption=\"\" data-rel=\"lightbox-gallery-1\"><img loading=\"lazy\" decoding=\"async\" src=\"https:\/\/www.campingvicenza.it\/wp-content\/uploads\/2024\/02\/CampViest2015_0103-HDR_1100px-300x200.jpg\" width=\"300\" height=\"200\" alt=\"\" \/><\/a><\/div><div class=\"rl-gallery-item\"><a href=\"https:\/\/www.campingvicenza.it\/wp-content\/uploads\/2024\/02\/CampViest2015_0093-HDR_1100px.jpg\" title=\"\" data-rl_title=\"\" class=\"rl-gallery-link\" data-rl_caption=\"\" data-rel=\"lightbox-gallery-1\"><img loading=\"lazy\" decoding=\"async\" src=\"https:\/\/www.campingvicenza.it\/wp-content\/uploads\/2024\/02\/CampViest2015_0093-HDR_1100px-300x200.jpg\" width=\"300\" height=\"200\" alt=\"\" \/><\/a><\/div><div class=\"rl-gallery-item\"><a href=\"https:\/\/www.campingvicenza.it\/wp-content\/uploads\/2024\/02\/CampViest2015_0081-HDR_1100px.jpg\" title=\"\" data-rl_title=\"\" class=\"rl-gallery-link\" data-rl_caption=\"\" data-rel=\"lightbox-gallery-1\"><img loading=\"lazy\" decoding=\"async\" src=\"https:\/\/www.campingvicenza.it\/wp-content\/uploads\/2024\/02\/CampViest2015_0081-HDR_1100px-300x200.jpg\" width=\"300\" height=\"200\" alt=\"\" \/><\/a><\/div><div class=\"rl-gallery-item\"><a href=\"https:\/\/www.campingvicenza.it\/wp-content\/uploads\/2024\/02\/CampViest2015_0079-HDR_1100px.jpg\" title=\"\" data-rl_title=\"\" class=\"rl-gallery-link\" data-rl_caption=\"\" data-rel=\"lightbox-gallery-1\"><img loading=\"lazy\" decoding=\"async\" src=\"https:\/\/www.campingvicenza.it\/wp-content\/uploads\/2024\/02\/CampViest2015_0079-HDR_1100px-300x200.jpg\" width=\"300\" height=\"200\" alt=\"\" \/><\/a><\/div><div class=\"rl-gallery-item\"><a href=\"https:\/\/www.campingvicenza.it\/wp-content\/uploads\/2024\/02\/CampViest2015_0057-HDR_1100px.jpg\" title=\"\" data-rl_title=\"\" class=\"rl-gallery-link\" data-rl_caption=\"\" data-rel=\"lightbox-gallery-1\"><img loading=\"lazy\" decoding=\"async\" src=\"https:\/\/www.campingvicenza.it\/wp-content\/uploads\/2024\/02\/CampViest2015_0057-HDR_1100px-300x200.jpg\" width=\"300\" height=\"200\" alt=\"\" \/><\/a><\/div><div class=\"rl-gallery-item\"><a href=\"https:\/\/www.campingvicenza.it\/wp-content\/uploads\/2024\/02\/CampViest2015_0046-HDR-2_1100px_1.jpg\" title=\"\" data-rl_title=\"\" class=\"rl-gallery-link\" data-rl_caption=\"\" data-rel=\"lightbox-gallery-1\"><img loading=\"lazy\" decoding=\"async\" src=\"https:\/\/www.campingvicenza.it\/wp-content\/uploads\/2024\/02\/CampViest2015_0046-HDR-2_1100px_1-300x200.jpg\" width=\"300\" height=\"200\" alt=\"\" \/><\/a><\/div><div class=\"rl-gallery-item\"><a href=\"https:\/\/www.campingvicenza.it\/wp-content\/uploads\/2024\/02\/CampViest2015_0110-HDR_1100px.jpg\" title=\"\" data-rl_title=\"\" class=\"rl-gallery-link\" data-rl_caption=\"\" data-rel=\"lightbox-gallery-1\"><img loading=\"lazy\" decoding=\"async\" src=\"https:\/\/www.campingvicenza.it\/wp-content\/uploads\/2024\/02\/CampViest2015_0110-HDR_1100px-300x200.jpg\" width=\"300\" height=\"200\" alt=\"\" \/><\/a><\/div><div class=\"rl-gallery-item\"><a href=\"https:\/\/www.campingvicenza.it\/wp-content\/uploads\/2024\/02\/CampViest2015_0122-HDR_1100px.jpg\" title=\"\" data-rl_title=\"\" class=\"rl-gallery-link\" data-rl_caption=\"\" data-rel=\"lightbox-gallery-1\"><img loading=\"lazy\" decoding=\"async\" src=\"https:\/\/www.campingvicenza.it\/wp-content\/uploads\/2024\/02\/CampViest2015_0122-HDR_1100px-300x200.jpg\" width=\"300\" height=\"200\" alt=\"\" \/><\/a><\/div><div class=\"rl-gallery-item\"><a href=\"https:\/\/www.campingvicenza.it\/wp-content\/uploads\/2024\/02\/CampViest2015_0125-HDR_1100px.jpg\" title=\"\" data-rl_title=\"\" class=\"rl-gallery-link\" data-rl_caption=\"\" data-rel=\"lightbox-gallery-1\"><img loading=\"lazy\" decoding=\"async\" src=\"https:\/\/www.campingvicenza.it\/wp-content\/uploads\/2024\/02\/CampViest2015_0125-HDR_1100px-300x200.jpg\" width=\"300\" height=\"200\" alt=\"\" \/><\/a><\/div><div class=\"rl-gallery-item\"><a href=\"https:\/\/www.campingvicenza.it\/wp-content\/uploads\/2024\/02\/CampViest2015_0126-HDR_1100px.jpg\" title=\"\" data-rl_title=\"\" class=\"rl-gallery-link\" data-rl_caption=\"\" data-rel=\"lightbox-gallery-1\"><img loading=\"lazy\" decoding=\"async\" src=\"https:\/\/www.campingvicenza.it\/wp-content\/uploads\/2024\/02\/CampViest2015_0126-HDR_1100px-300x200.jpg\" width=\"300\" height=\"200\" alt=\"\" \/><\/a><\/div> <\/div> <\/div>\n\n\n\t\t\t<div \n\t\t\tclass=\"wp-block-uagb-google-map uagb-google-map__wrap uagb-block-9ec3595b\"\n\t\t\tstyle=\"\" >\n\t\t\t\t<embed\n\t\t\t\t\tclass=\"uagb-google-map__iframe\"\n\t\t\t\t\ttitle=\"Google Map f\u00fcr \"\n\t\t\t\t\tsrc=\"https:\/\/maps.google.com\/maps?q=Via%20U.%20Scarpelli%2C%2035%2C%2036100%20Vicenza%20VI&#038;z=12&#038;hl=it&#038;t=m&#038;output=embed&#038;iwloc=near\"\n\t\t\t\t\twidth=\"640\"\n\t\t\t\t\theight=\"300\"\n\t\t\t\t\tloading=\"lazy\"\n\t\t\t\t><\/embed>\n\t\t\t<\/div>","protected":false},"excerpt":{"rendered":"<p>Camping opening hours: 07:00 &#8211; 22:00\u00a0\u00a0\u00a0 Check-in dalle: 15:00 alle 21:30 Checkout alle 12:00 Camping opening hours: 07:00 &#8211; 22:00\u00a0\u00a0 Check-in dalle: 15:00 alle 21:30 Checkout alle 12:00 Il Camping Vicenza \u00e8 situato all&#8217;uscita del casello autostradale di Vicenza-Est, in mezzo ad un&#8217;oasi immersa nel verde. Il campeggio \u00e8 vicino al centro storico della citt\u00e0 [&hellip;]<\/p>\n","protected":false},"author":1,"featured_media":0,"parent":0,"menu_order":0,"comment_status":"closed","ping_status":"closed","template":"","meta":{"_uag_custom_page_level_css":"","site-sidebar-layout":"default","site-content-layout":"page-builder","ast-site-content-layout":"full-width-container","site-content-style":"unboxed","site-sidebar-style":"unboxed","ast-global-header-display":"","ast-banner-title-visibility":"","ast-main-header-display":"","ast-hfb-above-header-display":"","ast-hfb-below-header-display":"","ast-hfb-mobile-header-display":"","site-post-title":"disabled","ast-breadcrumbs-content":"","ast-featured-img":"","footer-sml-layout":"","theme-transparent-header-meta":"enabled","adv-header-id-meta":"","stick-header-meta":"","header-above-stick-meta":"","header-main-stick-meta":"","header-below-stick-meta":"","astra-migrate-meta-layouts":"set","ast-page-background-enabled":"default","ast-page-background-meta":{"desktop":{"background-color":"var(--ast-global-color-4)","background-image":"","background-repeat":"repeat","background-position":"center center","background-size":"auto","background-attachment":"scroll","background-type":"","background-media":"","overlay-type":"","overlay-color":"","overlay-gradient":""},"tablet":{"background-color":"","background-image":"","background-repeat":"repeat","background-position":"center center","background-size":"auto","background-attachment":"scroll","background-type":"","background-media":"","overlay-type":"","overlay-color":"","overlay-gradient":""},"mobile":{"background-color":"","background-image":"","background-repeat":"repeat","background-position":"center center","background-size":"auto","background-attachment":"scroll","background-type":"","background-media":"","overlay-type":"","overlay-color":"","overlay-gradient":""}},"ast-content-background-meta":{"desktop":{"background-color":"var(--ast-global-color-5)","background-image":"","background-repeat":"repeat","background-position":"center center","background-size":"auto","background-attachment":"scroll","background-type":"","background-media":"","overlay-type":"","overlay-color":"","overlay-gradient":""},"tablet":{"background-color":"var(--ast-global-color-5)","background-image":"","background-repeat":"repeat","background-position":"center center","background-size":"auto","background-attachment":"scroll","background-type":"","background-media":"","overlay-type":"","overlay-color":"","overlay-gradient":""},"mobile":{"background-color":"var(--ast-global-color-5)","background-image":"","background-repeat":"repeat","background-position":"center center","background-size":"auto","background-attachment":"scroll","background-type":"","background-media":"","overlay-type":"","overlay-color":"","overlay-gradient":""}},"footnotes":""},"class_list":["post-78","page","type-page","status-publish","hentry"],"uagb_featured_image_src":{"full":false,"thumbnail":false,"medium":false,"medium_large":false,"large":false,"1536x1536":false,"2048x2048":false,"trp-custom-language-flag":false},"uagb_author_info":{"display_name":"ix_admin","author_link":"https:\/\/www.campingvicenza.it\/de\/author\/ix_admin\/"},"uagb_comment_info":0,"uagb_excerpt":"Camping opening hours: 07:00 &#8211; 22:00\u00a0\u00a0\u00a0 Check-in dalle: 15:00 alle 21:30 Checkout alle 12:00 Camping opening hours: 07:00 &#8211; 22:00\u00a0\u00a0 Check-in dalle: 15:00 alle 21:30 Checkout alle 12:00 Il Camping Vicenza \u00e8 situato all&#8217;uscita del casello autostradale di Vicenza-Est, in mezzo ad un&#8217;oasi immersa nel verde. Il campeggio \u00e8 vicino al centro storico della citt\u00e0&hellip;","_links":{"self":[{"href":"https:\/\/www.campingvicenza.it\/de\/wp-json\/wp\/v2\/pages\/78","targetHints":{"allow":["GET"]}}],"collection":[{"href":"https:\/\/www.campingvicenza.it\/de\/wp-json\/wp\/v2\/pages"}],"about":[{"href":"https:\/\/www.campingvicenza.it\/de\/wp-json\/wp\/v2\/types\/page"}],"author":[{"embeddable":true,"href":"https:\/\/www.campingvicenza.it\/de\/wp-json\/wp\/v2\/users\/1"}],"replies":[{"embeddable":true,"href":"https:\/\/www.campingvicenza.it\/de\/wp-json\/wp\/v2\/comments?post=78"}],"version-history":[{"count":85,"href":"https:\/\/www.campingvicenza.it\/de\/wp-json\/wp\/v2\/pages\/78\/revisions"}],"predecessor-version":[{"id":1711,"href":"https:\/\/www.campingvicenza.it\/de\/wp-json\/wp\/v2\/pages\/78\/revisions\/1711"}],"wp:attachment":[{"href":"https:\/\/www.campingvicenza.it\/de\/wp-json\/wp\/v2\/media?parent=78"}],"curies":[{"name":"wp","href":"https:\/\/api.w.org\/{rel}","templated":true}]}}